{"id":3,"date":"2023-04-17T19:23:49","date_gmt":"2023-04-17T19:23:49","guid":{"rendered":"http:\/\/noona.cl\/?page_id=3"},"modified":"2023-04-19T20:46:51","modified_gmt":"2023-04-19T20:46:51","slug":"politica-privacidad","status":"publish","type":"page","link":"https:\/\/noona.cl\/index.php\/politica-privacidad\/","title":{"rendered":"T\u00e9rminos y pol\u00edtica"},"content":{"rendered":"\n<h2 class=\"wp-block-heading\"><\/h2>\n\n\n\n<p>Esta p\u00e1gina web es propiedad y est\u00e1 operada por Noona Shop. Estos T\u00e9rminos establecen las condiciones bajo las cuales, t\u00fa puedes usar nuestra p\u00e1gina web y los servicios que aqu\u00ed ofrecemos. Esta p\u00e1gina web entrega a sus visitantes una plataforma de compra de productos asociados a Noona Shop. Al acceder o usar la p\u00e1gina web de nuestro servicio, apruebas haber le\u00eddo, entendido y aceptar estar sujeto a estos t\u00e9rminos:<\/p>\n\n\n\n<ol class=\"wp-block-list\">\n<li> Para usar nuestra p\u00e1gina web y\/o recibir nuestros servicios, debes tener al menos 18 a\u00f1os de edad, o la mayor\u00eda de edad legal y poseer la autoridad legal, el derecho y la libertad para participar en estos t\u00e9rminos como un acuerdo vinculante. No tienes permitido utilizar esta p\u00e1gina web y\/o recibir servicios si hacerlo est\u00e1 fuera de estos t\u00e9rminos.<\/li>\n\n\n\n<li>Al comprar un art\u00edculo, aceptas que: (i) eres responsable de leer el listado completo del art\u00edculo antes de comprometerte a comprarlo: (ii) celebras un contrato legalmente vinculante para comprar un art\u00edculo cuando te comprometes a comprarlo y completar el proceso de check-out.<\/li>\n\n\n\n<li>Los precios que cobramos por nuestros productos se enumeran en la p\u00e1gina web. Nos reservamos el derecho de cambiar nuestros precios para los productos que se muestran en cualquier momento y de corregir los errores de precios que pueden ocurrir inadvertidamente. <\/li>\n<\/ol>\n\n\n\n<h2 class=\"wp-block-heading has-text-align-center\">Pol\u00edtica de env\u00edos<\/h2>\n\n\n\n<p>Los env\u00edos de los productos para entrega inmediata se realizar\u00e1n hasta 2 d\u00edas h\u00e1biles posterior a tu compra. Dentro de los m\u00e9todos de<\/p>\n\n\n\n<h2 class=\"wp-block-heading has-text-align-center\">Pol\u00edtica de servios<\/h2>\n\n\n\n<p><strong>Noona Shop reserva el derecho de cancelar pedidos bajo las siguientes circunstancias:<\/strong><\/p>\n\n\n\n<ol class=\"wp-block-list\">\n<li>Cualquier pedido que se realice con medio de pago \u00abtransferencia bancaria\u00bb y que no se haya realizado el pago del producto  luego de 24 horas.<\/li>\n<\/ol>\n\n\n\n<p><strong>Compras: PEDIDOS \/ PREVENTAS<\/strong><\/p>\n\n\n\n<ol class=\"wp-block-list\">\n<li>No se pueden cancelar pedidos que est\u00e9n bajo las condiciones: PEDIDOS &#8211; PREVENTAS.<\/li>\n\n\n\n<li>No se realizan cancelaciones por desistimiento de compra.<\/li>\n<\/ol>\n\n\n\n<p><\/p>\n","protected":false},"excerpt":{"rendered":"<p>Esta p\u00e1gina web es propiedad y est\u00e1 operada por Noona Shop. Estos T\u00e9rminos establecen las condiciones bajo las cuales, t\u00fa puedes usar nuestra p\u00e1gina web y los servicios que aqu\u00ed [&hellip;]<\/p>\n","protected":false},"author":1,"featured_media":0,"parent":0,"menu_order":0,"comment_status":"closed","ping_status":"open","template":"","meta":{"footnotes":""},"class_list":["post-3","page","type-page","status-publish","hentry"],"jetpack_sharing_enabled":true,"_links":{"self":[{"href":"https:\/\/noona.cl\/index.php\/wp-json\/wp\/v2\/pages\/3","targetHints":{"allow":["GET"]}}],"collection":[{"href":"https:\/\/noona.cl\/index.php\/wp-json\/wp\/v2\/pages"}],"about":[{"href":"https:\/\/noona.cl\/index.php\/wp-json\/wp\/v2\/types\/page"}],"author":[{"embeddable":true,"href":"https:\/\/noona.cl\/index.php\/wp-json\/wp\/v2\/users\/1"}],"replies":[{"embeddable":true,"href":"https:\/\/noona.cl\/index.php\/wp-json\/wp\/v2\/comments?post=3"}],"version-history":[{"count":5,"href":"https:\/\/noona.cl\/index.php\/wp-json\/wp\/v2\/pages\/3\/revisions"}],"predecessor-version":[{"id":1224,"href":"https:\/\/noona.cl\/index.php\/wp-json\/wp\/v2\/pages\/3\/revisions\/1224"}],"wp:attachment":[{"href":"https:\/\/noona.cl\/index.php\/wp-json\/wp\/v2\/media?parent=3"}],"curies":[{"name":"wp","href":"https:\/\/api.w.org\/{rel}","templated":true}]}}