{"id":9,"date":"2023-04-19T15:11:17","date_gmt":"2023-04-19T15:11:17","guid":{"rendered":"http:\/\/noona.cl\/?page_id=9"},"modified":"2023-07-04T15:32:31","modified_gmt":"2023-07-04T15:32:31","slug":"cambios-devoluciones","status":"publish","type":"page","link":"https:\/\/noona.cl\/index.php\/cambios-devoluciones\/","title":{"rendered":"Cambios y devoluciones"},"content":{"rendered":"\t\t<div data-elementor-type=\"wp-page\" data-elementor-id=\"9\" class=\"elementor elementor-9\">\n\t\t\t\t\t\t<section class=\"elementor-section elementor-top-section elementor-element elementor-element-7af84330 elementor-section-boxed elementor-section-height-default elementor-section-height-default\" data-id=\"7af84330\" data-element_type=\"section\">\n\t\t\t\t\t\t<div class=\"elementor-container elementor-column-gap-default\">\n\t\t\t\t\t<div class=\"elementor-column elementor-col-100 elementor-top-column elementor-element elementor-element-41e9e298\" data-id=\"41e9e298\" data-element_type=\"column\">\n\t\t\t<div class=\"elementor-widget-wrap elementor-element-populated\">\n\t\t\t\t\t\t<div class=\"elementor-element elementor-element-2931c1d6 elementor-widget elementor-widget-text-editor\" data-id=\"2931c1d6\" data-element_type=\"widget\" data-widget_type=\"text-editor.default\">\n\t\t\t\t<div class=\"elementor-widget-container\">\n\t\t\t\t\t\t\t<p><!-- wp:paragraph --><\/p>\n<p style=\"text-align: center;\"><strong>POL\u00cdTICA DEVOLUCIONES Y CAMBIO<\/strong><\/p>\n<p><!-- \/wp:paragraph --><!-- wp:paragraph --><\/p>\n<ul>\n<li>Los productos son revisados antes de enviar, nos preocupamos que vayan envueltos con insumos de protecci\u00f3n adecuado, por lo que cualquier da\u00f1o por el trayecto de env\u00edo o por mala manipulaci\u00f3n del transportista, no se justifica para devoluci\u00f3n del dinero.<\/li>\n<li>Las cajas (outbox) no est\u00e1n dentro de la garant\u00eda debido a que son productos importados desde Corea del Sur, por lo tanto pasan por una serie de pasos antes de llegar\u00a0a tu domicilio (Env\u00edo Corea Chile y transporte interno), recordar que es solo una cubierta protectora<\/li>\n<li>Los \u00edtem faltante dentro de un \u00e1lbum sellado no es raz\u00f3n legible para cambio ni devoluci\u00f3n, ya que son problemas asociado a la fabricaci\u00f3n y esta fuera de nuestro control.<\/li>\n<li>En caso de que se requiera el cambio del producto, este debe estar sellado y devuelto a nuestra direcci\u00f3n de origen, una vez recibido se har\u00e1 revisi\u00f3n del producto para as\u00ed aprobar el cambio correspondiente. Esto solo aplica cuando hubo un error al enviar la versi\u00f3n del \u00e1lbum, en estos casos contactar a: <a href=\"mailto:contacto@noona.cl\">contacto@noona.cl<\/a><\/li>\n<\/ul>\n<p><!-- \/wp:paragraph --><!-- wp:paragraph --><!-- \/wp:paragraph --><!-- wp:paragraph --><\/p>\n<p><!-- \/wp:paragraph --><\/p>\t\t\t\t\t\t<\/div>\n\t\t\t\t<\/div>\n\t\t\t\t\t<\/div>\n\t\t<\/div>\n\t\t\t\t\t<\/div>\n\t\t<\/section>\n\t\t\t\t<\/div>\n\t\t","protected":false},"excerpt":{"rendered":"<p>POL\u00cdTICA DEVOLUCIONES Y CAMBIO Los productos son revisados antes de enviar, nos preocupamos que vayan envueltos con insumos de protecci\u00f3n adecuado, por lo que cualquier da\u00f1o por el trayecto de [&hellip;]<\/p>\n","protected":false},"author":1,"featured_media":0,"parent":0,"menu_order":0,"comment_status":"closed","ping_status":"closed","template":"","meta":{"footnotes":""},"class_list":["post-9","page","type-page","status-publish","hentry"],"jetpack_sharing_enabled":true,"_links":{"self":[{"href":"https:\/\/noona.cl\/index.php\/wp-json\/wp\/v2\/pages\/9","targetHints":{"allow":["GET"]}}],"collection":[{"href":"https:\/\/noona.cl\/index.php\/wp-json\/wp\/v2\/pages"}],"about":[{"href":"https:\/\/noona.cl\/index.php\/wp-json\/wp\/v2\/types\/page"}],"author":[{"embeddable":true,"href":"https:\/\/noona.cl\/index.php\/wp-json\/wp\/v2\/users\/1"}],"replies":[{"embeddable":true,"href":"https:\/\/noona.cl\/index.php\/wp-json\/wp\/v2\/comments?post=9"}],"version-history":[{"count":10,"href":"https:\/\/noona.cl\/index.php\/wp-json\/wp\/v2\/pages\/9\/revisions"}],"predecessor-version":[{"id":2239,"href":"https:\/\/noona.cl\/index.php\/wp-json\/wp\/v2\/pages\/9\/revisions\/2239"}],"wp:attachment":[{"href":"https:\/\/noona.cl\/index.php\/wp-json\/wp\/v2\/media?parent=9"}],"curies":[{"name":"wp","href":"https:\/\/api.w.org\/{rel}","templated":true}]}}