{"id":1925,"date":"2023-05-06T06:52:00","date_gmt":"2023-05-06T06:52:00","guid":{"rendered":"https:\/\/noona.cl\/?post_type=product&#038;p=1925"},"modified":"2025-12-14T13:29:39","modified_gmt":"2025-12-14T13:29:39","slug":"seventeen-sector-17-repackage-4to-album-compact-ver","status":"publish","type":"product","link":"https:\/\/noona.cl\/index.php\/product\/seventeen-sector-17-repackage-4to-album-compact-ver\/","title":{"rendered":"Seventeen &#8211; Sector 17 Repackage (4to \u00c1lbum &#8211; Compact ver)"},"content":{"rendered":"<p>Seventeen lanz\u00f3 el repackage de su 4to \u00e1lbum \u00abSector 17\u201d, el 18 de julio 2022<\/p>\n<p><strong>CONTENIDO}<\/strong><\/p>\n<ul>\n<li>PHOTO BOOK: 1 al azar de 14<\/li>\n<li>CD-R<\/li>\n<li>PHOTOCARD: 2 al azar de 26<\/li>\n<li>POSTCARD<\/li>\n<\/ul>\n<p><strong>TRACK LIST<\/strong><\/p>\n<ol>\n<li>\ub3cc\uace0 \ub3cc\uc544 Circles<\/li>\n<li>World<\/li>\n<li>Falling Flower (Korean ver.)<\/li>\n<li>Cheers (SVT LEADERS)<\/li>\n<li>Darl+ing<\/li>\n<li>Hot<\/li>\n<li>Don Quixote<\/li>\n<li>March<\/li>\n<li>Domino<\/li>\n<li>Shadow<\/li>\n<li>\u2018Bout you<\/li>\n<li>If you leave me<\/li>\n<li>Ash<\/li>\n<\/ol>\n<p><img fetchpriority=\"high\" decoding=\"async\" class=\"size-full wp-image-1927 aligncenter\" src=\"https:\/\/noona.cl\/wp-content\/uploads\/2023\/05\/SEVENTEEN-4th-Album-Repackage-SECTOR-17-COMPACT-Ver-all.jpg-scaled.webp\" alt=\"\" width=\"329\" height=\"2560\" srcset=\"https:\/\/noona.cl\/wp-content\/uploads\/2023\/05\/SEVENTEEN-4th-Album-Repackage-SECTOR-17-COMPACT-Ver-all.jpg-scaled.webp 329w, https:\/\/noona.cl\/wp-content\/uploads\/2023\/05\/SEVENTEEN-4th-Album-Repackage-SECTOR-17-COMPACT-Ver-all.jpg-768x5974.webp 768w, https:\/\/noona.cl\/wp-content\/uploads\/2023\/05\/SEVENTEEN-4th-Album-Repackage-SECTOR-17-COMPACT-Ver-all.jpg-575x4473.webp 575w, https:\/\/noona.cl\/wp-content\/uploads\/2023\/05\/SEVENTEEN-4th-Album-Repackage-SECTOR-17-COMPACT-Ver-all.jpg-380x2956.webp 380w, https:\/\/noona.cl\/wp-content\/uploads\/2023\/05\/SEVENTEEN-4th-Album-Repackage-SECTOR-17-COMPACT-Ver-all.jpg-800x6223.webp 800w\" sizes=\"(max-width: 329px) 100vw, 329px\" \/><\/p>\n","protected":false},"excerpt":{"rendered":"<p>Seventeen lanz\u00f3 el repackage de su 4to \u00e1lbum \u00abSector 17\u201d, el 18 de julio 2022 CONTENIDO} PHOTO BOOK: 1 al azar de 14 CD-R PHOTOCARD: 2 al azar de 26 [&hellip;]<\/p>\n","protected":false},"featured_media":1926,"comment_status":"open","ping_status":"closed","template":"","meta":[],"product_brand":[],"product_cat":[29,89],"product_tag":[33,40,75],"class_list":{"0":"post-1925","1":"product","2":"type-product","3":"status-publish","4":"has-post-thumbnail","6":"product_cat-album","7":"product_cat-seventeen","8":"product_tag-album","9":"product_tag-boy-groups","10":"product_tag-seventeen","12":"first","13":"outofstock","14":"sale","15":"shipping-taxable","16":"purchasable","17":"product-type-simple"},"jetpack_sharing_enabled":true,"_links":{"self":[{"href":"https:\/\/noona.cl\/index.php\/wp-json\/wp\/v2\/product\/1925","targetHints":{"allow":["GET"]}}],"collection":[{"href":"https:\/\/noona.cl\/index.php\/wp-json\/wp\/v2\/product"}],"about":[{"href":"https:\/\/noona.cl\/index.php\/wp-json\/wp\/v2\/types\/product"}],"replies":[{"embeddable":true,"href":"https:\/\/noona.cl\/index.php\/wp-json\/wp\/v2\/comments?post=1925"}],"wp:featuredmedia":[{"embeddable":true,"href":"https:\/\/noona.cl\/index.php\/wp-json\/wp\/v2\/media\/1926"}],"wp:attachment":[{"href":"https:\/\/noona.cl\/index.php\/wp-json\/wp\/v2\/media?parent=1925"}],"wp:term":[{"taxonomy":"product_brand","embeddable":true,"href":"https:\/\/noona.cl\/index.php\/wp-json\/wp\/v2\/product_brand?post=1925"},{"taxonomy":"product_cat","embeddable":true,"href":"https:\/\/noona.cl\/index.php\/wp-json\/wp\/v2\/product_cat?post=1925"},{"taxonomy":"product_tag","embeddable":true,"href":"https:\/\/noona.cl\/index.php\/wp-json\/wp\/v2\/product_tag?post=1925"}],"curies":[{"name":"wp","href":"https:\/\/api.w.org\/{rel}","templated":true}]}}