{"id":1992,"date":"2023-05-08T03:24:51","date_gmt":"2023-05-08T03:24:51","guid":{"rendered":"https:\/\/noona.cl\/?post_type=product&#038;p=1992"},"modified":"2026-03-06T18:15:25","modified_gmt":"2026-03-06T18:15:25","slug":"kep1er-lovestruck-4to-mini-album","status":"publish","type":"product","link":"https:\/\/noona.cl\/index.php\/product\/kep1er-lovestruck-4to-mini-album\/","title":{"rendered":"Kep1er &#8211; Lovestruck! (4to Mini \u00c1lbum)"},"content":{"rendered":"<p>Kep1er volvi\u00f3 con su 4to mini \u00e1lbum llamado \u00abLovestruck!, lanzado 11 abril 2023<\/p>\n<p><strong>CONTENIDO<\/strong><\/p>\n<ul>\n<li>Sleeve Case<\/li>\n<li>Photo Book: 84 p\u00e1ginas<\/li>\n<li>CD + Envelope<\/li>\n<li>Post Card : 2 al azar de 18<\/li>\n<li>Tattoo Sticker<\/li>\n<li>Hidden Message Card: 1 al azar de 27<\/li>\n<li>Folded Poster<\/li>\n<li>Photo Card: 2 al azar de 27<\/li>\n<\/ul>\n<p><strong>TRACK LIST<\/strong><\/p>\n<div class=\"\">\n<div class=\"chart_row chart_row--light_border chart_row--full_bleed_left chart_row--align_baseline chart_row--no_hover\">\n<div class=\"chart_row-content\">\n<ol>\n<li class=\"chart_row-content-title\">Giddy<\/li>\n<li class=\"chart_row-content-title\">LVLY<\/li>\n<li class=\"chart_row-content-title\">Back to the City<\/li>\n<li>Why<\/li>\n<li>Happy Ending<\/li>\n<\/ol>\n<\/div>\n<\/div>\n<\/div>\n<p><img fetchpriority=\"high\" decoding=\"async\" class=\"size-full wp-image-1994 aligncenter\" src=\"https:\/\/noona.cl\/wp-content\/uploads\/2023\/05\/KEP1ER_PB_COVER-scaled.jpg\" alt=\"\" width=\"300\" height=\"2560\" srcset=\"https:\/\/noona.cl\/wp-content\/uploads\/2023\/05\/KEP1ER_PB_COVER-scaled.jpg 300w, https:\/\/noona.cl\/wp-content\/uploads\/2023\/05\/KEP1ER_PB_COVER-35x300.jpg 35w, https:\/\/noona.cl\/wp-content\/uploads\/2023\/05\/KEP1ER_PB_COVER-120x1024.jpg 120w, https:\/\/noona.cl\/wp-content\/uploads\/2023\/05\/KEP1ER_PB_COVER-768x6552.jpg 768w, https:\/\/noona.cl\/wp-content\/uploads\/2023\/05\/KEP1ER_PB_COVER-180x1536.jpg 180w, https:\/\/noona.cl\/wp-content\/uploads\/2023\/05\/KEP1ER_PB_COVER-240x2048.jpg 240w, https:\/\/noona.cl\/wp-content\/uploads\/2023\/05\/KEP1ER_PB_COVER-920x7849.jpg 920w, https:\/\/noona.cl\/wp-content\/uploads\/2023\/05\/KEP1ER_PB_COVER-575x4905.jpg 575w, https:\/\/noona.cl\/wp-content\/uploads\/2023\/05\/KEP1ER_PB_COVER-380x3242.jpg 380w, https:\/\/noona.cl\/wp-content\/uploads\/2023\/05\/KEP1ER_PB_COVER-800x6825.jpg 800w\" sizes=\"(max-width: 300px) 100vw, 300px\" \/><\/p>\n","protected":false},"excerpt":{"rendered":"<p>Kep1er volvi\u00f3 con su 4to mini \u00e1lbum llamado \u00abLovestruck!, lanzado 11 abril 2023 CONTENIDO Sleeve Case Photo Book: 84 p\u00e1ginas CD + Envelope Post Card : 2 al azar de [&hellip;]<\/p>\n","protected":false},"featured_media":2034,"comment_status":"open","ping_status":"closed","template":"","meta":[],"product_brand":[],"product_cat":[29,30,110,136],"product_tag":[33,32,34,178],"class_list":{"0":"post-1992","1":"product","2":"type-product","3":"status-publish","4":"has-post-thumbnail","6":"product_cat-album","7":"product_cat-girl-groups","8":"product_cat-kep1er","9":"product_cat-ofertas","10":"product_tag-album","11":"product_tag-girl-groups","12":"product_tag-kep1er","13":"product_tag-lovestruck","15":"first","16":"instock","17":"sale","18":"shipping-taxable","19":"purchasable","20":"product-type-variable"},"jetpack_sharing_enabled":true,"_links":{"self":[{"href":"https:\/\/noona.cl\/index.php\/wp-json\/wp\/v2\/product\/1992","targetHints":{"allow":["GET"]}}],"collection":[{"href":"https:\/\/noona.cl\/index.php\/wp-json\/wp\/v2\/product"}],"about":[{"href":"https:\/\/noona.cl\/index.php\/wp-json\/wp\/v2\/types\/product"}],"replies":[{"embeddable":true,"href":"https:\/\/noona.cl\/index.php\/wp-json\/wp\/v2\/comments?post=1992"}],"wp:featuredmedia":[{"embeddable":true,"href":"https:\/\/noona.cl\/index.php\/wp-json\/wp\/v2\/media\/2034"}],"wp:attachment":[{"href":"https:\/\/noona.cl\/index.php\/wp-json\/wp\/v2\/media?parent=1992"}],"wp:term":[{"taxonomy":"product_brand","embeddable":true,"href":"https:\/\/noona.cl\/index.php\/wp-json\/wp\/v2\/product_brand?post=1992"},{"taxonomy":"product_cat","embeddable":true,"href":"https:\/\/noona.cl\/index.php\/wp-json\/wp\/v2\/product_cat?post=1992"},{"taxonomy":"product_tag","embeddable":true,"href":"https:\/\/noona.cl\/index.php\/wp-json\/wp\/v2\/product_tag?post=1992"}],"curies":[{"name":"wp","href":"https:\/\/api.w.org\/{rel}","templated":true}]}}