{"id":3699,"date":"2024-12-19T23:48:36","date_gmt":"2024-12-19T23:48:36","guid":{"rendered":"https:\/\/noona.cl\/?post_type=product&#038;p=3699"},"modified":"2026-03-12T01:19:18","modified_gmt":"2026-03-12T01:19:18","slug":"boynextdoor-how-sticker-ver-random","status":"publish","type":"product","link":"https:\/\/noona.cl\/index.php\/product\/boynextdoor-how-sticker-ver-random\/","title":{"rendered":"BOYNEXTDOOR &#8211; HOW? (Sticker ver) (Random)"},"content":{"rendered":"<p><strong>CONTENIDO<\/strong><\/p>\n<p>*Se enviar\u00e1 versi\u00f3n al azar<\/p>\n<ul>\n<li>Envelope<\/li>\n<li>CD<\/li>\n<li>Random Sticker Book}: 16 p\u00e1ginas)<\/li>\n<li>Random Polaroid: 1 al azar de 6<\/li>\n<li>Random Photocard: 1 al azar de 6<\/li>\n<li>Door Hanger<\/li>\n<\/ul>\n<p><strong>TRACKLIST\u00a0<\/strong><\/p>\n<div class=\"chart_row chart_row--light_border chart_row--full_bleed_left chart_row--align_baseline chart_row--no_hover\">\n<div class=\"chart_row-content\">\n<ol>\n<li class=\"chart_row-content-title\">OUR<\/li>\n<li class=\"chart_row-content-title\">Amnesia<\/li>\n<li class=\"chart_row-content-title\">So let\u2019s go see the stars<\/li>\n<li class=\"chart_row-content-title\">Earth, Wind &amp; Fire <span class=\"chart_row-content-title-subtitle\">Lyrics<\/span><\/li>\n<li class=\"chart_row-content-title\">\u200b\u200bl i f e i s c o o l<\/li>\n<li class=\"chart_row-content-title\">Dear. My Darling<\/li>\n<li class=\"chart_row-content-title\">Earth, Wind &amp; Fire (English Ver.)<\/li>\n<\/ol>\n<p><img fetchpriority=\"high\" decoding=\"async\" class=\"alignnone size-full wp-image-3701\" src=\"https:\/\/noona.cl\/wp-content\/uploads\/2024\/12\/10_BOYNEXTDOOR_2EP_Sticker-ver._Packshot.jpg-scaled.webp\" alt=\"\" width=\"1296\" height=\"2560\" srcset=\"https:\/\/noona.cl\/wp-content\/uploads\/2024\/12\/10_BOYNEXTDOOR_2EP_Sticker-ver._Packshot.jpg-scaled.webp 1296w, https:\/\/noona.cl\/wp-content\/uploads\/2024\/12\/10_BOYNEXTDOOR_2EP_Sticker-ver._Packshot.jpg-152x300.webp 152w, https:\/\/noona.cl\/wp-content\/uploads\/2024\/12\/10_BOYNEXTDOOR_2EP_Sticker-ver._Packshot.jpg-518x1024.webp 518w, https:\/\/noona.cl\/wp-content\/uploads\/2024\/12\/10_BOYNEXTDOOR_2EP_Sticker-ver._Packshot.jpg-768x1518.webp 768w, https:\/\/noona.cl\/wp-content\/uploads\/2024\/12\/10_BOYNEXTDOOR_2EP_Sticker-ver._Packshot.jpg-777x1536.webp 777w, https:\/\/noona.cl\/wp-content\/uploads\/2024\/12\/10_BOYNEXTDOOR_2EP_Sticker-ver._Packshot.jpg-1140x2253.webp 1140w, https:\/\/noona.cl\/wp-content\/uploads\/2024\/12\/10_BOYNEXTDOOR_2EP_Sticker-ver._Packshot.jpg-920x1818.webp 920w, https:\/\/noona.cl\/wp-content\/uploads\/2024\/12\/10_BOYNEXTDOOR_2EP_Sticker-ver._Packshot.jpg-575x1136.webp 575w, https:\/\/noona.cl\/wp-content\/uploads\/2024\/12\/10_BOYNEXTDOOR_2EP_Sticker-ver._Packshot.jpg-380x751.webp 380w, https:\/\/noona.cl\/wp-content\/uploads\/2024\/12\/10_BOYNEXTDOOR_2EP_Sticker-ver._Packshot.jpg-1320x2608.webp 1320w, https:\/\/noona.cl\/wp-content\/uploads\/2024\/12\/10_BOYNEXTDOOR_2EP_Sticker-ver._Packshot.jpg-800x1581.webp 800w\" sizes=\"(max-width: 1296px) 100vw, 1296px\" \/><\/p>\n<\/div>\n<\/div>\n","protected":false},"excerpt":{"rendered":"<p>CONTENIDO *Se enviar\u00e1 versi\u00f3n al azar Envelope CD Random Sticker Book}: 16 p\u00e1ginas) Random Polaroid: 1 al azar de 6 Random Photocard: 1 al azar de 6 Door Hanger TRACKLIST\u00a0 [&hellip;]<\/p>\n","protected":false},"featured_media":3700,"comment_status":"open","ping_status":"closed","template":"","meta":[],"product_brand":[],"product_cat":[29,129,136],"product_tag":[],"class_list":{"0":"post-3699","1":"product","2":"type-product","3":"status-publish","4":"has-post-thumbnail","6":"product_cat-album","7":"product_cat-boynextdoor","8":"product_cat-ofertas","10":"first","11":"instock","12":"sale","13":"shipping-taxable","14":"purchasable","15":"product-type-simple"},"jetpack_sharing_enabled":true,"_links":{"self":[{"href":"https:\/\/noona.cl\/index.php\/wp-json\/wp\/v2\/product\/3699","targetHints":{"allow":["GET"]}}],"collection":[{"href":"https:\/\/noona.cl\/index.php\/wp-json\/wp\/v2\/product"}],"about":[{"href":"https:\/\/noona.cl\/index.php\/wp-json\/wp\/v2\/types\/product"}],"replies":[{"embeddable":true,"href":"https:\/\/noona.cl\/index.php\/wp-json\/wp\/v2\/comments?post=3699"}],"wp:featuredmedia":[{"embeddable":true,"href":"https:\/\/noona.cl\/index.php\/wp-json\/wp\/v2\/media\/3700"}],"wp:attachment":[{"href":"https:\/\/noona.cl\/index.php\/wp-json\/wp\/v2\/media?parent=3699"}],"wp:term":[{"taxonomy":"product_brand","embeddable":true,"href":"https:\/\/noona.cl\/index.php\/wp-json\/wp\/v2\/product_brand?post=3699"},{"taxonomy":"product_cat","embeddable":true,"href":"https:\/\/noona.cl\/index.php\/wp-json\/wp\/v2\/product_cat?post=3699"},{"taxonomy":"product_tag","embeddable":true,"href":"https:\/\/noona.cl\/index.php\/wp-json\/wp\/v2\/product_tag?post=3699"}],"curies":[{"name":"wp","href":"https:\/\/api.w.org\/{rel}","templated":true}]}}